{"id":9924,"date":"2023-11-18T09:44:55","date_gmt":"2023-11-18T08:44:55","guid":{"rendered":"https:\/\/wydawnictwo.warsztatykultury.pl\/zakotwiczone\/"},"modified":"2025-10-17T15:27:48","modified_gmt":"2025-10-17T13:27:48","slug":"zakotwiczone","status":"publish","type":"page","link":"https:\/\/wydawnictwo.warsztatykultury.pl\/en\/zakotwiczone\/","title":{"rendered":"Zakotwiczone"},"content":{"rendered":"<p><div class=\"fusion-fullwidth fullwidth-box fusion-builder-row-1 nonhundred-percent-fullwidth non-hundred-percent-height-scrolling\" style=\"--awb-border-radius-top-left:0px;--awb-border-radius-top-right:0px;--awb-border-radius-bottom-right:0px;--awb-border-radius-bottom-left:0px;--awb-padding-right:10%;--awb-padding-left:10%;--awb-flex-wrap:wrap;\" ><div class=\"fusion-builder-row fusion-row\"><div class=\"fusion-layout-column fusion_builder_column fusion-builder-column-0 fusion_builder_column_1_1 1_1 fusion-one-full fusion-column-first fusion-column-last\" style=\"--awb-bg-size:cover;--awb-margin-top:0px;\"><div class=\"fusion-column-wrapper fusion-column-has-shadow fusion-flex-column-wrapper-legacy\"><div class=\"fusion-text fusion-text-1\" style=\"--awb-text-transform:none;\"><h1 style=\"--fontsize: 25.92; line-height: 1.1;\">Zakotwiczone<\/h1>\n<\/div><div class=\"fusion-text fusion-text-2\"><p data-start=\"149\" data-end=\"630\">The series was launched in 2021 in response to new realities that emerged in a time of disintegrating communities, weakening European, neighbourly and human ties, the collapse of established geopolitical structures, and changing ways of everyday life. In this context, the very idea of geopoetics has evolved\u2014literature that crosses not only political but also cultural and mental borders has become a tool for reconnecting and interpreting the world\u2019s ongoing transformations.<\/p>\n<p data-start=\"632\" data-end=\"1031\">The <em data-start=\"638\" data-end=\"648\">Anchored<\/em> series provides a space for literature that challenges conventional thinking, explores emotional reflexes, and delves into the depth of ideas. These are books that confront the challenges of the present and the future while remaining rooted in the past\u2014in the ground that nourishes them, the historical context, the value system, or even a single nerve anchored in time and place.<\/p>\n<p data-start=\"1033\" data-end=\"1539\">In this post-isolation world\u2014marked by catastrophe\u2014a new sensitivity is being born. The familiar notions of what is ours, native, and known have burned out. The borders between West and East, North and South, and between national literatures and languages are once again shifting. It is time to move beyond the comfort of binary oppositions and divisions. To unlock new cultural meanings, we must embrace multiplicity and the inevitability of change\u2014to connect while moving, to flow while re-anchoring.<\/p>\n<p data-start=\"1541\" data-end=\"1773\">The time has come to move past narratives built on convenient oppositions and divides. To release new cultural meanings, we must accept variation and constant change. Literature is never static\u2014it connects, and it roots us anew.<\/p>\n<\/div><div class=\"fusion-clearfix\"><\/div><\/div><\/div><\/div><\/div><div class=\"fusion-fullwidth fullwidth-box fusion-builder-row-2 nonhundred-percent-fullwidth non-hundred-percent-height-scrolling\" style=\"--awb-border-radius-top-left:0px;--awb-border-radius-top-right:0px;--awb-border-radius-bottom-right:0px;--awb-border-radius-bottom-left:0px;--awb-padding-right:10%;--awb-padding-left:10%;--awb-flex-wrap:wrap;\" ><div class=\"fusion-builder-row fusion-row\"><div class=\"fusion-layout-column fusion_builder_column fusion-builder-column-1 fusion_builder_column_1_1 1_1 fusion-one-full fusion-column-first fusion-column-last\" style=\"--awb-bg-size:cover;--awb-margin-top:0px;\"><div class=\"fusion-column-wrapper fusion-column-has-shadow fusion-flex-column-wrapper-legacy\"><div class=\"fusion-sep-clear\"><\/div><div class=\"fusion-separator fusion-full-width-sep\" style=\"margin-left: auto;margin-right: auto;width:100%;\"><div class=\"fusion-separator-border sep-single\" style=\"--awb-height:20px;--awb-amount:20px;border-color:#000000;border-top-width:3px;\"><\/div><\/div><div class=\"fusion-sep-clear\"><\/div><div class=\"fusion-clearfix\"><\/div><\/div><\/div><\/div><\/div><div class=\"fusion-fullwidth fullwidth-box fusion-builder-row-3 fusion-flex-container nonhundred-percent-fullwidth non-hundred-percent-height-scrolling\" style=\"--awb-border-radius-top-left:0px;--awb-border-radius-top-right:0px;--awb-border-radius-bottom-right:0px;--awb-border-radius-bottom-left:0px;--awb-padding-right:10%;--awb-padding-left:10%;--awb-flex-wrap:wrap;\" ><div class=\"fusion-builder-row fusion-row fusion-flex-align-items-center fusion-flex-justify-content-center fusion-flex-content-wrap\" style=\"max-width:calc( 1920px + 0px );margin-left: calc(-0px \/ 2 );margin-right: calc(-0px \/ 2 );\"><div class=\"fusion-layout-column fusion_builder_column fusion-builder-column-2 fusion_builder_column_1_1 1_1 fusion-flex-column\" style=\"--awb-bg-size:cover;--awb-width-large:100%;--awb-margin-top-large:0px;--awb-spacing-right-large:0px;--awb-margin-bottom-large:4%;--awb-spacing-left-large:0px;--awb-width-medium:100%;--awb-spacing-right-medium:0px;--awb-spacing-left-medium:0px;--awb-width-small:100%;--awb-spacing-right-small:0px;--awb-spacing-left-small:0px;\"><div class=\"fusion-column-wrapper fusion-column-has-shadow fusion-flex-justify-content-flex-start fusion-content-layout-column\"><div class=\"fusion-blog-shortcode fusion-blog-shortcode-1 fusion-blog-archive fusion-blog-layout-grid-wrapper fusion-blog-pagination fusion-blog-layout-center\" id=\"autorzy_grid\"><style type=\"text\/css\">.fusion-blog-shortcode-1 .fusion-blog-layout-grid .fusion-post-grid{padding:21px;}.fusion-blog-shortcode-1 .fusion-posts-container{margin-left: -21px !important; margin-right:-21px !important;}<\/style><div class=\"fusion-posts-container fusion-posts-container-pagination fusion-no-meta-info fusion-blog-layout-grid fusion-blog-layout-grid-4 isotope fusion-blog-equal-heights\" data-pages=\"1\" data-grid-col-space=\"42\" style=\"margin: -21px -21px 0;min-height:500px;\"><article id=\"blog-1-post-11427\" class=\"fusion-post-grid post-11427 post type-post status-publish format-standard has-post-thumbnail hentry category-obrzkifilozof-en category-zakotwiczone-en\">\n<div class=\"fusion-post-wrapper\" style=\"background-color:rgba(255,255,255,1);border:1px solid rgba(255,255,255,0.14);border-bottom-width:3px;\">\n\n\t\t\t<div class=\"fusion-flexslider flexslider fusion-flexslider-loading fusion-post-slideshow\" style=\"border-color:rgba(255,255,255,0.14);\">\n\t\t<ul class=\"slides\">\n\t\t\t\n\t\t\t\t\t\t\t\t\t\t\t\t\t\t<li><div  class=\"fusion-image-wrapper\" aria-haspopup=\"true\">\n\t\t\t\t\t\t\t<a href=\"https:\/\/wydawnictwo.warsztatykultury.pl\/en\/obrazki-filozoficzne\/\" aria-label=\"Obrazki Filozoficzne\">\n\t\t\t\t\t\t\t<img decoding=\"async\" width=\"1081\" height=\"1081\" src=\"https:\/\/wydawnictwo.warsztatykultury.pl\/wp-content\/uploads\/2025\/10\/obrazki_kwadrat_purple.png\" class=\"attachment-full size-full lazyload wp-post-image\" alt=\"\" srcset=\"data:image\/svg+xml,%3Csvg%20xmlns%3D%27http%3A%2F%2Fwww.w3.org%2F2000%2Fsvg%27%20width%3D%271081%27%20height%3D%271081%27%20viewBox%3D%270%200%201081%201081%27%3E%3Crect%20width%3D%271081%27%20height%3D%271081%27%20fill-opacity%3D%220%22%2F%3E%3C%2Fsvg%3E\" data-orig-src=\"https:\/\/wydawnictwo.warsztatykultury.pl\/wp-content\/uploads\/2025\/10\/obrazki_kwadrat_purple.png\" data-srcset=\"https:\/\/wydawnictwo.warsztatykultury.pl\/wp-content\/uploads\/2025\/10\/obrazki_kwadrat_purple-200x200.png 200w, https:\/\/wydawnictwo.warsztatykultury.pl\/wp-content\/uploads\/2025\/10\/obrazki_kwadrat_purple-400x400.png 400w, https:\/\/wydawnictwo.warsztatykultury.pl\/wp-content\/uploads\/2025\/10\/obrazki_kwadrat_purple-600x600.png 600w, https:\/\/wydawnictwo.warsztatykultury.pl\/wp-content\/uploads\/2025\/10\/obrazki_kwadrat_purple-800x800.png 800w, https:\/\/wydawnictwo.warsztatykultury.pl\/wp-content\/uploads\/2025\/10\/obrazki_kwadrat_purple.png 1081w\" data-sizes=\"auto\" \/>\t\t\t<\/a>\n\t\t\t\t\t\t\t<\/div>\n<\/li>\n\t\t\t\n\t\t\t\n\t\t\t\t\t\t\t\t\t\t\t\t\t\t\t\t\t\t\t\t\t\t\t\t\t\t\t\t\t\t\t\t\t\t\t\t\t\t\t\t\t\t\t\t\t\t\t\t\t\t\t\t\t\t\t\t\t\t\t\t\t\t\t\t\t\t\t\t<\/ul>\n\t<\/div>\n\t<div class=\"fusion-post-content-wrapper\" style=\"padding:30px 2% 25px 2%;\"><div class=\"fusion-post-content post-content\"><h2 class=\"blog-shortcode-post-title entry-title\"><a href=\"https:\/\/wydawnictwo.warsztatykultury.pl\/en\/obrazki-filozoficzne\/\">Obrazki Filozoficzne<\/a><\/h2><\/div><\/div><div class=\"fusion-clearfix\"><\/div><\/div>\n<\/article>\n<article id=\"blog-1-post-9858\" class=\"fusion-post-grid post-9858 post type-post status-publish format-standard has-post-thumbnail hentry category-republika-gluchych-en category-zakotwiczone-en\">\n<div class=\"fusion-post-wrapper\" style=\"background-color:rgba(255,255,255,1);border:1px solid rgba(255,255,255,0.14);border-bottom-width:3px;\">\n\n\t\t\t<div class=\"fusion-flexslider flexslider fusion-flexslider-loading fusion-post-slideshow\" style=\"border-color:rgba(255,255,255,0.14);\">\n\t\t<ul class=\"slides\">\n\t\t\t\n\t\t\t\t\t\t\t\t\t\t\t\t\t\t<li><div  class=\"fusion-image-wrapper\" aria-haspopup=\"true\">\n\t\t\t\t\t\t\t<a href=\"https:\/\/wydawnictwo.warsztatykultury.pl\/en\/republika-gluchych\/\" aria-label=\"Deaf Republic: poems\">\n\t\t\t\t\t\t\t<img decoding=\"async\" width=\"450\" height=\"600\" src=\"https:\/\/wydawnictwo.warsztatykultury.pl\/wp-content\/uploads\/2023\/09\/okladki-03.png\" class=\"attachment-full size-full lazyload wp-post-image\" alt=\"Ok\u0142adka ksi\u0105\u017cki Republika g\u0142uchych.\" srcset=\"data:image\/svg+xml,%3Csvg%20xmlns%3D%27http%3A%2F%2Fwww.w3.org%2F2000%2Fsvg%27%20width%3D%27450%27%20height%3D%27600%27%20viewBox%3D%270%200%20450%20600%27%3E%3Crect%20width%3D%27450%27%20height%3D%27600%27%20fill-opacity%3D%220%22%2F%3E%3C%2Fsvg%3E\" data-orig-src=\"https:\/\/wydawnictwo.warsztatykultury.pl\/wp-content\/uploads\/2023\/09\/okladki-03.png\" data-srcset=\"https:\/\/wydawnictwo.warsztatykultury.pl\/wp-content\/uploads\/2023\/09\/okladki-03-200x267.png 200w, https:\/\/wydawnictwo.warsztatykultury.pl\/wp-content\/uploads\/2023\/09\/okladki-03-400x533.png 400w, https:\/\/wydawnictwo.warsztatykultury.pl\/wp-content\/uploads\/2023\/09\/okladki-03.png 450w\" data-sizes=\"auto\" \/>\t\t\t<\/a>\n\t\t\t\t\t\t\t<\/div>\n<\/li>\n\t\t\t\n\t\t\t\n\t\t\t\t\t\t\t\t\t\t\t\t\t\t\t\t\t\t\t\t\t\t\t\t\t\t\t\t\t\t\t\t\t\t\t\t\t\t\t\t\t\t\t\t\t\t\t\t\t\t\t\t\t\t\t\t\t\t\t\t\t\t\t\t\t\t\t\t<\/ul>\n\t<\/div>\n\t<div class=\"fusion-post-content-wrapper\" style=\"padding:30px 2% 25px 2%;\"><div class=\"fusion-post-content post-content\"><h2 class=\"blog-shortcode-post-title entry-title\"><a href=\"https:\/\/wydawnictwo.warsztatykultury.pl\/en\/republika-gluchych\/\">Deaf Republic: poems<\/a><\/h2><\/div><\/div><div class=\"fusion-clearfix\"><\/div><\/div>\n<\/article>\n<article id=\"blog-1-post-9854\" class=\"fusion-post-grid post-9854 post type-post status-publish format-standard has-post-thumbnail hentry category-wylej-swoj-gniew-en category-zakotwiczone-en\">\n<div class=\"fusion-post-wrapper\" style=\"background-color:rgba(255,255,255,1);border:1px solid rgba(255,255,255,0.14);border-bottom-width:3px;\">\n\n\t\t\t<div class=\"fusion-flexslider flexslider fusion-flexslider-loading fusion-post-slideshow\" style=\"border-color:rgba(255,255,255,0.14);\">\n\t\t<ul class=\"slides\">\n\t\t\t\n\t\t\t\t\t\t\t\t\t\t\t\t\t\t<li><div  class=\"fusion-image-wrapper\" aria-haspopup=\"true\">\n\t\t\t\t\t\t\t<a href=\"https:\/\/wydawnictwo.warsztatykultury.pl\/en\/wylej-swoj-gniew\/\" aria-label=\"Wylej sw\u00f3j gniew\">\n\t\t\t\t\t\t\t<img decoding=\"async\" width=\"450\" height=\"600\" src=\"https:\/\/wydawnictwo.warsztatykultury.pl\/wp-content\/uploads\/2023\/09\/okladki-05.png\" class=\"attachment-full size-full lazyload wp-post-image\" alt=\"Ok\u0142adka ksi\u0105\u017cki Wylej sw\u00f3j gniew.\" srcset=\"data:image\/svg+xml,%3Csvg%20xmlns%3D%27http%3A%2F%2Fwww.w3.org%2F2000%2Fsvg%27%20width%3D%27450%27%20height%3D%27600%27%20viewBox%3D%270%200%20450%20600%27%3E%3Crect%20width%3D%27450%27%20height%3D%27600%27%20fill-opacity%3D%220%22%2F%3E%3C%2Fsvg%3E\" data-orig-src=\"https:\/\/wydawnictwo.warsztatykultury.pl\/wp-content\/uploads\/2023\/09\/okladki-05.png\" data-srcset=\"https:\/\/wydawnictwo.warsztatykultury.pl\/wp-content\/uploads\/2023\/09\/okladki-05-200x267.png 200w, https:\/\/wydawnictwo.warsztatykultury.pl\/wp-content\/uploads\/2023\/09\/okladki-05-400x533.png 400w, https:\/\/wydawnictwo.warsztatykultury.pl\/wp-content\/uploads\/2023\/09\/okladki-05.png 450w\" data-sizes=\"auto\" \/>\t\t\t<\/a>\n\t\t\t\t\t\t\t<\/div>\n<\/li>\n\t\t\t\n\t\t\t\n\t\t\t\t\t\t\t\t\t\t\t\t\t\t\t\t\t\t\t\t\t\t\t\t\t\t\t\t\t\t\t\t\t\t\t\t\t\t\t\t\t\t\t\t\t\t\t\t\t\t\t\t\t\t\t\t\t\t\t\t\t\t\t\t\t\t\t\t<\/ul>\n\t<\/div>\n\t<div class=\"fusion-post-content-wrapper\" style=\"padding:30px 2% 25px 2%;\"><div class=\"fusion-post-content post-content\"><h2 class=\"blog-shortcode-post-title entry-title\"><a href=\"https:\/\/wydawnictwo.warsztatykultury.pl\/en\/wylej-swoj-gniew\/\">Wylej sw\u00f3j gniew<\/a><\/h2><\/div><\/div><div class=\"fusion-clearfix\"><\/div><\/div>\n<\/article>\n<article id=\"blog-1-post-9604\" class=\"fusion-post-grid post-9604 post type-post status-publish format-standard has-post-thumbnail hentry category-jozef-lobodowski-en category-zakotwiczone-en\">\n<div class=\"fusion-post-wrapper\" style=\"background-color:rgba(255,255,255,1);border:1px solid rgba(255,255,255,0.14);border-bottom-width:3px;\">\n\n\t\t\t<div class=\"fusion-flexslider flexslider fusion-flexslider-loading fusion-post-slideshow\" style=\"border-color:rgba(255,255,255,0.14);\">\n\t\t<ul class=\"slides\">\n\t\t\t\n\t\t\t\t\t\t\t\t\t\t\t\t\t\t<li><div  class=\"fusion-image-wrapper\" aria-haspopup=\"true\">\n\t\t\t\t\t\t\t<a href=\"https:\/\/wydawnictwo.warsztatykultury.pl\/en\/wyzwolenie\/\" aria-label=\"Wyzwolenie\">\n\t\t\t\t\t\t\t<img decoding=\"async\" width=\"300\" height=\"400\" src=\"https:\/\/wydawnictwo.warsztatykultury.pl\/wp-content\/uploads\/2022\/08\/w_wyzwolenie.png\" class=\"attachment-full size-full lazyload wp-post-image\" alt=\"Ok\u0142adka ksia\u017cki &quot;Wyzwolenie&quot; \u0141obodowskiego. Na ok\u0142dace sylwetka pistoletu\" srcset=\"data:image\/svg+xml,%3Csvg%20xmlns%3D%27http%3A%2F%2Fwww.w3.org%2F2000%2Fsvg%27%20width%3D%27300%27%20height%3D%27400%27%20viewBox%3D%270%200%20300%20400%27%3E%3Crect%20width%3D%27300%27%20height%3D%27400%27%20fill-opacity%3D%220%22%2F%3E%3C%2Fsvg%3E\" data-orig-src=\"https:\/\/wydawnictwo.warsztatykultury.pl\/wp-content\/uploads\/2022\/08\/w_wyzwolenie.png\" data-srcset=\"https:\/\/wydawnictwo.warsztatykultury.pl\/wp-content\/uploads\/2022\/08\/w_wyzwolenie-200x267.png 200w, https:\/\/wydawnictwo.warsztatykultury.pl\/wp-content\/uploads\/2022\/08\/w_wyzwolenie.png 300w\" data-sizes=\"auto\" \/>\t\t\t<\/a>\n\t\t\t\t\t\t\t<\/div>\n<\/li>\n\t\t\t\n\t\t\t\n\t\t\t\t\t\t\t\t\t\t\t\t\t\t\t\t\t\t\t\t\t\t\t\t\t\t\t\t\t\t\t\t\t\t\t\t\t\t\t\t\t\t\t\t\t\t\t\t\t\t\t\t\t\t\t\t\t\t\t\t\t\t\t\t\t\t\t\t<\/ul>\n\t<\/div>\n\t<div class=\"fusion-post-content-wrapper\" style=\"padding:30px 2% 25px 2%;\"><div class=\"fusion-post-content post-content\"><h2 class=\"blog-shortcode-post-title entry-title\"><a href=\"https:\/\/wydawnictwo.warsztatykultury.pl\/en\/wyzwolenie\/\">Wyzwolenie<\/a><\/h2><\/div><\/div><div class=\"fusion-clearfix\"><\/div><\/div>\n<\/article>\n<article id=\"blog-1-post-9413\" class=\"fusion-post-grid post-9413 post type-post status-publish format-standard has-post-thumbnail hentry category-goodnight category-zakotwiczone-en\">\n<div class=\"fusion-post-wrapper\" style=\"background-color:rgba(255,255,255,1);border:1px solid rgba(255,255,255,0.14);border-bottom-width:3px;\">\n\n\t\t\t<div class=\"fusion-flexslider flexslider fusion-flexslider-loading fusion-post-slideshow\" style=\"border-color:rgba(255,255,255,0.14);\">\n\t\t<ul class=\"slides\">\n\t\t\t\n\t\t\t\t\t\t\t\t\t\t\t\t\t\t<li><div  class=\"fusion-image-wrapper\" aria-haspopup=\"true\">\n\t\t\t\t\t\t\t<a href=\"https:\/\/wydawnictwo.warsztatykultury.pl\/en\/dobranoc-swiecie\/\" aria-label=\"Dobranoc, \u015bwiecie\">\n\t\t\t\t\t\t\t<img decoding=\"async\" width=\"300\" height=\"400\" src=\"https:\/\/wydawnictwo.warsztatykultury.pl\/wp-content\/uploads\/2022\/08\/w_dobranoc.png\" class=\"attachment-full size-full lazyload wp-post-image\" alt=\"The cover of Jacob&#039;s Glatstein book\" srcset=\"data:image\/svg+xml,%3Csvg%20xmlns%3D%27http%3A%2F%2Fwww.w3.org%2F2000%2Fsvg%27%20width%3D%27300%27%20height%3D%27400%27%20viewBox%3D%270%200%20300%20400%27%3E%3Crect%20width%3D%27300%27%20height%3D%27400%27%20fill-opacity%3D%220%22%2F%3E%3C%2Fsvg%3E\" data-orig-src=\"https:\/\/wydawnictwo.warsztatykultury.pl\/wp-content\/uploads\/2022\/08\/w_dobranoc.png\" data-srcset=\"https:\/\/wydawnictwo.warsztatykultury.pl\/wp-content\/uploads\/2022\/08\/w_dobranoc-200x267.png 200w, https:\/\/wydawnictwo.warsztatykultury.pl\/wp-content\/uploads\/2022\/08\/w_dobranoc.png 300w\" data-sizes=\"auto\" \/>\t\t\t<\/a>\n\t\t\t\t\t\t\t<\/div>\n<\/li>\n\t\t\t\n\t\t\t\n\t\t\t\t\t\t\t\t\t\t\t\t\t\t\t\t\t\t\t\t\t\t\t\t\t\t\t\t\t\t\t\t\t\t\t\t\t\t\t\t\t\t\t\t\t\t\t\t\t\t\t\t\t\t\t\t\t\t\t\t\t\t\t\t\t\t\t\t<\/ul>\n\t<\/div>\n\t<div class=\"fusion-post-content-wrapper\" style=\"padding:30px 2% 25px 2%;\"><div class=\"fusion-post-content post-content\"><h2 class=\"blog-shortcode-post-title entry-title\"><a href=\"https:\/\/wydawnictwo.warsztatykultury.pl\/en\/dobranoc-swiecie\/\">Dobranoc, \u015bwiecie<\/a><\/h2><\/div><\/div><div class=\"fusion-clearfix\"><\/div><\/div>\n<\/article>\n<div class=\"fusion-clearfix\"><\/div><\/div><\/div><\/div><\/div><\/div><\/div><div class=\"fusion-fullwidth fullwidth-box fusion-builder-row-4 nonhundred-percent-fullwidth non-hundred-percent-height-scrolling\" style=\"--awb-border-radius-top-left:0px;--awb-border-radius-top-right:0px;--awb-border-radius-bottom-right:0px;--awb-border-radius-bottom-left:0px;--awb-padding-right:10%;--awb-padding-left:10%;--awb-flex-wrap:wrap;\" ><div class=\"fusion-builder-row fusion-row\"><div class=\"fusion-layout-column fusion_builder_column fusion-builder-column-3 fusion_builder_column_1_1 1_1 fusion-one-full fusion-column-first fusion-column-last\" style=\"--awb-bg-size:cover;--awb-margin-top:0px;\"><div class=\"fusion-column-wrapper fusion-column-has-shadow fusion-flex-column-wrapper-legacy\"><div class=\"fusion-sep-clear\"><\/div><div class=\"fusion-separator fusion-full-width-sep\" style=\"margin-left: auto;margin-right: auto;width:100%;\"><div class=\"fusion-separator-border sep-single\" style=\"--awb-height:20px;--awb-amount:20px;border-color:#000000;border-top-width:3px;\"><\/div><\/div><div class=\"fusion-sep-clear\"><\/div><div class=\"fusion-clearfix\"><\/div><\/div><\/div><\/div><\/div><\/p>\n","protected":false},"excerpt":{"rendered":"","protected":false},"author":1,"featured_media":0,"parent":0,"menu_order":0,"comment_status":"closed","ping_status":"closed","template":"","meta":{"footnotes":""},"yoast_head":"<!-- This site is optimized with the Yoast SEO plugin v23.4 - https:\/\/yoast.com\/wordpress\/plugins\/seo\/ -->\n<title>Zakotwiczone - Wydawnictwo<\/title>\n<meta name=\"robots\" content=\"index, follow, max-snippet:-1, max-image-preview:large, max-video-preview:-1\" \/>\n<link rel=\"canonical\" href=\"https:\/\/wydawnictwo.warsztatykultury.pl\/en\/zakotwiczone\/\" \/>\n<meta property=\"og:locale\" content=\"en_US\" \/>\n<meta property=\"og:type\" content=\"article\" \/>\n<meta property=\"og:title\" content=\"Zakotwiczone - Wydawnictwo\" \/>\n<meta property=\"og:url\" content=\"https:\/\/wydawnictwo.warsztatykultury.pl\/en\/zakotwiczone\/\" \/>\n<meta property=\"og:site_name\" content=\"Wydawnictwo\" \/>\n<meta property=\"article:publisher\" content=\"https:\/\/www.facebook.com\/WschodniExpress\/\" \/>\n<meta property=\"article:modified_time\" content=\"2025-10-17T13:27:48+00:00\" \/>\n<meta name=\"twitter:card\" content=\"summary_large_image\" \/>\n<meta name=\"twitter:label1\" content=\"Est. reading time\" \/>\n\t<meta name=\"twitter:data1\" content=\"9 minutes\" \/>\n<script type=\"application\/ld+json\" class=\"yoast-schema-graph\">{\"@context\":\"https:\/\/schema.org\",\"@graph\":[{\"@type\":\"WebPage\",\"@id\":\"https:\/\/wydawnictwo.warsztatykultury.pl\/en\/zakotwiczone\/\",\"url\":\"https:\/\/wydawnictwo.warsztatykultury.pl\/en\/zakotwiczone\/\",\"name\":\"Zakotwiczone - Wydawnictwo\",\"isPartOf\":{\"@id\":\"https:\/\/wydawnictwo.warsztatykultury.pl\/en\/#website\"},\"datePublished\":\"2023-11-18T08:44:55+00:00\",\"dateModified\":\"2025-10-17T13:27:48+00:00\",\"breadcrumb\":{\"@id\":\"https:\/\/wydawnictwo.warsztatykultury.pl\/en\/zakotwiczone\/#breadcrumb\"},\"inLanguage\":\"en-US\",\"potentialAction\":[{\"@type\":\"ReadAction\",\"target\":[\"https:\/\/wydawnictwo.warsztatykultury.pl\/en\/zakotwiczone\/\"]}]},{\"@type\":\"BreadcrumbList\",\"@id\":\"https:\/\/wydawnictwo.warsztatykultury.pl\/en\/zakotwiczone\/#breadcrumb\",\"itemListElement\":[{\"@type\":\"ListItem\",\"position\":1,\"name\":\"Strona g\u0142\u00f3wna\",\"item\":\"https:\/\/wydawnictwo.warsztatykultury.pl\/en\/\"},{\"@type\":\"ListItem\",\"position\":2,\"name\":\"Zakotwiczone\"}]},{\"@type\":\"WebSite\",\"@id\":\"https:\/\/wydawnictwo.warsztatykultury.pl\/en\/#website\",\"url\":\"https:\/\/wydawnictwo.warsztatykultury.pl\/en\/\",\"name\":\"Wydawnictwo Warsztat\u00f3w Kultury\",\"description\":\"Warsztaty Kultury\",\"publisher\":{\"@id\":\"https:\/\/wydawnictwo.warsztatykultury.pl\/en\/#organization\"},\"potentialAction\":[{\"@type\":\"SearchAction\",\"target\":{\"@type\":\"EntryPoint\",\"urlTemplate\":\"https:\/\/wydawnictwo.warsztatykultury.pl\/en\/?s={search_term_string}\"},\"query-input\":{\"@type\":\"PropertyValueSpecification\",\"valueRequired\":true,\"valueName\":\"search_term_string\"}}],\"inLanguage\":\"en-US\"},{\"@type\":\"Organization\",\"@id\":\"https:\/\/wydawnictwo.warsztatykultury.pl\/en\/#organization\",\"name\":\"Wydawnictwo Warsztat\u00f3w Kultury\",\"url\":\"https:\/\/wydawnictwo.warsztatykultury.pl\/en\/\",\"logo\":{\"@type\":\"ImageObject\",\"inLanguage\":\"en-US\",\"@id\":\"https:\/\/wydawnictwo.warsztatykultury.pl\/en\/#\/schema\/logo\/image\/\",\"url\":\"https:\/\/wydawnictwo.warsztatykultury.pl\/wp-content\/uploads\/2023\/05\/logo_wydawnictwo_72-01.png\",\"contentUrl\":\"https:\/\/wydawnictwo.warsztatykultury.pl\/wp-content\/uploads\/2023\/05\/logo_wydawnictwo_72-01.png\",\"width\":293,\"height\":70,\"caption\":\"Wydawnictwo Warsztat\u00f3w Kultury\"},\"image\":{\"@id\":\"https:\/\/wydawnictwo.warsztatykultury.pl\/en\/#\/schema\/logo\/image\/\"},\"sameAs\":[\"https:\/\/www.facebook.com\/WschodniExpress\/\"]}]}<\/script>\n<!-- \/ Yoast SEO plugin. -->","yoast_head_json":{"title":"Zakotwiczone - Wydawnictwo","robots":{"index":"index","follow":"follow","max-snippet":"max-snippet:-1","max-image-preview":"max-image-preview:large","max-video-preview":"max-video-preview:-1"},"canonical":"https:\/\/wydawnictwo.warsztatykultury.pl\/en\/zakotwiczone\/","og_locale":"en_US","og_type":"article","og_title":"Zakotwiczone - Wydawnictwo","og_url":"https:\/\/wydawnictwo.warsztatykultury.pl\/en\/zakotwiczone\/","og_site_name":"Wydawnictwo","article_publisher":"https:\/\/www.facebook.com\/WschodniExpress\/","article_modified_time":"2025-10-17T13:27:48+00:00","twitter_card":"summary_large_image","twitter_misc":{"Est. reading time":"9 minutes"},"schema":{"@context":"https:\/\/schema.org","@graph":[{"@type":"WebPage","@id":"https:\/\/wydawnictwo.warsztatykultury.pl\/en\/zakotwiczone\/","url":"https:\/\/wydawnictwo.warsztatykultury.pl\/en\/zakotwiczone\/","name":"Zakotwiczone - Wydawnictwo","isPartOf":{"@id":"https:\/\/wydawnictwo.warsztatykultury.pl\/en\/#website"},"datePublished":"2023-11-18T08:44:55+00:00","dateModified":"2025-10-17T13:27:48+00:00","breadcrumb":{"@id":"https:\/\/wydawnictwo.warsztatykultury.pl\/en\/zakotwiczone\/#breadcrumb"},"inLanguage":"en-US","potentialAction":[{"@type":"ReadAction","target":["https:\/\/wydawnictwo.warsztatykultury.pl\/en\/zakotwiczone\/"]}]},{"@type":"BreadcrumbList","@id":"https:\/\/wydawnictwo.warsztatykultury.pl\/en\/zakotwiczone\/#breadcrumb","itemListElement":[{"@type":"ListItem","position":1,"name":"Strona g\u0142\u00f3wna","item":"https:\/\/wydawnictwo.warsztatykultury.pl\/en\/"},{"@type":"ListItem","position":2,"name":"Zakotwiczone"}]},{"@type":"WebSite","@id":"https:\/\/wydawnictwo.warsztatykultury.pl\/en\/#website","url":"https:\/\/wydawnictwo.warsztatykultury.pl\/en\/","name":"Wydawnictwo Warsztat\u00f3w Kultury","description":"Warsztaty Kultury","publisher":{"@id":"https:\/\/wydawnictwo.warsztatykultury.pl\/en\/#organization"},"potentialAction":[{"@type":"SearchAction","target":{"@type":"EntryPoint","urlTemplate":"https:\/\/wydawnictwo.warsztatykultury.pl\/en\/?s={search_term_string}"},"query-input":{"@type":"PropertyValueSpecification","valueRequired":true,"valueName":"search_term_string"}}],"inLanguage":"en-US"},{"@type":"Organization","@id":"https:\/\/wydawnictwo.warsztatykultury.pl\/en\/#organization","name":"Wydawnictwo Warsztat\u00f3w Kultury","url":"https:\/\/wydawnictwo.warsztatykultury.pl\/en\/","logo":{"@type":"ImageObject","inLanguage":"en-US","@id":"https:\/\/wydawnictwo.warsztatykultury.pl\/en\/#\/schema\/logo\/image\/","url":"https:\/\/wydawnictwo.warsztatykultury.pl\/wp-content\/uploads\/2023\/05\/logo_wydawnictwo_72-01.png","contentUrl":"https:\/\/wydawnictwo.warsztatykultury.pl\/wp-content\/uploads\/2023\/05\/logo_wydawnictwo_72-01.png","width":293,"height":70,"caption":"Wydawnictwo Warsztat\u00f3w Kultury"},"image":{"@id":"https:\/\/wydawnictwo.warsztatykultury.pl\/en\/#\/schema\/logo\/image\/"},"sameAs":["https:\/\/www.facebook.com\/WschodniExpress\/"]}]}},"_links":{"self":[{"href":"https:\/\/wydawnictwo.warsztatykultury.pl\/en\/wp-json\/wp\/v2\/pages\/9924"}],"collection":[{"href":"https:\/\/wydawnictwo.warsztatykultury.pl\/en\/wp-json\/wp\/v2\/pages"}],"about":[{"href":"https:\/\/wydawnictwo.warsztatykultury.pl\/en\/wp-json\/wp\/v2\/types\/page"}],"author":[{"embeddable":true,"href":"https:\/\/wydawnictwo.warsztatykultury.pl\/en\/wp-json\/wp\/v2\/users\/1"}],"replies":[{"embeddable":true,"href":"https:\/\/wydawnictwo.warsztatykultury.pl\/en\/wp-json\/wp\/v2\/comments?post=9924"}],"version-history":[{"count":3,"href":"https:\/\/wydawnictwo.warsztatykultury.pl\/en\/wp-json\/wp\/v2\/pages\/9924\/revisions"}],"predecessor-version":[{"id":11551,"href":"https:\/\/wydawnictwo.warsztatykultury.pl\/en\/wp-json\/wp\/v2\/pages\/9924\/revisions\/11551"}],"wp:attachment":[{"href":"https:\/\/wydawnictwo.warsztatykultury.pl\/en\/wp-json\/wp\/v2\/media?parent=9924"}],"curies":[{"name":"wp","href":"https:\/\/api.w.org\/{rel}","templated":true}]}}